{"id":10,"date":"2023-07-14T19:52:51","date_gmt":"2023-07-14T19:52:51","guid":{"rendered":"https:\/\/bundc-bildungszentrum.de\/?page_id=10"},"modified":"2025-03-24T15:27:43","modified_gmt":"2025-03-24T15:27:43","slug":"impressum","status":"publish","type":"page","link":"https:\/\/bundc-bildungszentrum.de\/?page_id=10","title":{"rendered":"Impressum"},"content":{"rendered":"\n<p>\u00a75 TMG<\/p>\n\n\n\n<p>Dachgesellschaft der -B&amp;C Bildungszentrum UG (haftungsbeschr\u00e4nkt) HRB 36991 Amtsgericht Duisburg mit der Steuernummer 12057261543 Gesch\u00e4ftsf\u00fchrerin Frau Sabrina Weckm\u00fcller (geb. Przygoda)-<\/p>\n\n\n\n<p>ist:<\/p>\n\n\n\n<p>Perfex Service UG (Haftungsbeschr\u00e4nkt)<\/p>\n\n\n\n<p>Kl\u00f6renstra\u00dfe 29, 46045 Oberhausen<br>Deutschland<\/p>\n\n\n\n<p>Gesch\u00e4ftsf\u00fchrender Gesellschafter: Patrick Weckm\u00fcller<br>Email: weckmueller@perfexservice.com<br>USt-ID-Nr.: DE344627998<\/p>\n\n\n\n<p>Amtsgericht Duisburg HRB 34245&nbsp;<\/p>\n\n\n\n<p>www.perfexservice.de<\/p>\n","protected":false},"excerpt":{"rendered":"<p>\u00a75 TMG Dachgesellschaft der -B&amp;C Bildungszentrum UG (haftungsbeschr\u00e4nkt) HRB 36991 Amtsgericht Duisburg mit der Steuernummer 12057261543 Gesch\u00e4ftsf\u00fchrerin Frau Sabrina Weckm\u00fcller (geb. Przygoda)- ist: Perfex Service UG (Haftungsbeschr\u00e4nkt) Kl\u00f6renstra\u00dfe 29, 46045 OberhausenDeutschland Gesch\u00e4ftsf\u00fchrender Gesellschafter: Patrick Weckm\u00fcllerEmail: weckmueller@perfexservice.comUSt-ID-Nr.: DE344627998 Amtsgericht Duisburg HRB 34245&nbsp; www.perfexservice.de<\/p>\n","protected":false},"author":1,"featured_media":0,"parent":0,"menu_order":0,"comment_status":"closed","ping_status":"closed","template":"","meta":{"footnotes":""},"jetpack_sharing_enabled":true,"_links":{"self":[{"href":"https:\/\/bundc-bildungszentrum.de\/index.php?rest_route=\/wp\/v2\/pages\/10"}],"collection":[{"href":"https:\/\/bundc-bildungszentrum.de\/index.php?rest_route=\/wp\/v2\/pages"}],"about":[{"href":"https:\/\/bundc-bildungszentrum.de\/index.php?rest_route=\/wp\/v2\/types\/page"}],"author":[{"embeddable":true,"href":"https:\/\/bundc-bildungszentrum.de\/index.php?rest_route=\/wp\/v2\/users\/1"}],"replies":[{"embeddable":true,"href":"https:\/\/bundc-bildungszentrum.de\/index.php?rest_route=%2Fwp%2Fv2%2Fcomments&post=10"}],"version-history":[{"count":5,"href":"https:\/\/bundc-bildungszentrum.de\/index.php?rest_route=\/wp\/v2\/pages\/10\/revisions"}],"predecessor-version":[{"id":370,"href":"https:\/\/bundc-bildungszentrum.de\/index.php?rest_route=\/wp\/v2\/pages\/10\/revisions\/370"}],"wp:attachment":[{"href":"https:\/\/bundc-bildungszentrum.de\/index.php?rest_route=%2Fwp%2Fv2%2Fmedia&parent=10"}],"curies":[{"name":"wp","href":"https:\/\/api.w.org\/{rel}","templated":true}]}}