{"id":19,"date":"2023-07-19T19:30:06","date_gmt":"2023-07-19T19:30:06","guid":{"rendered":"https:\/\/bundc-bildungszentrum.de\/?page_id=19"},"modified":"2025-01-20T16:10:05","modified_gmt":"2025-01-20T16:10:05","slug":"arbeitsvermittlung","status":"publish","type":"page","link":"https:\/\/bundc-bildungszentrum.de\/?page_id=19","title":{"rendered":"Arbeitsvermittlung"},"content":{"rendered":"<div data-colibri-id=\"19-c1\" class=\"style-515 style-local-19-c1 position-relative\">\n  <!---->\n  <div data-colibri-component=\"section\" data-colibri-id=\"19-c2\" id=\"custom\" class=\"h-section h-section-global-spacing d-flex align-items-lg-center align-items-md-center align-items-center style-516 style-local-19-c2 position-relative\">\n    <!---->\n    <!---->\n    <div class=\"h-section-grid-container h-section-boxed-container\">\n      <!---->\n      <div data-colibri-id=\"19-c3\" class=\"h-row-container gutters-row-lg-2 gutters-row-md-2 gutters-row-0 gutters-row-v-lg-2 gutters-row-v-md-2 gutters-row-v-2 style-517 style-local-19-c3 position-relative\">\n        <!---->\n        <div class=\"h-row justify-content-lg-center justify-content-md-center justify-content-center align-items-lg-stretch align-items-md-stretch align-items-stretch gutters-col-lg-2 gutters-col-md-2 gutters-col-0 gutters-col-v-lg-2 gutters-col-v-md-2 gutters-col-v-2\">\n          <!---->\n          <div class=\"h-column h-column-container d-flex h-col-lg-auto h-col-md-auto h-col-auto style-518-outer style-local-19-c4-outer\">\n            <div data-colibri-id=\"19-c4\" class=\"d-flex h-flex-basis h-column__inner h-px-lg-2 h-px-md-2 h-px-2 v-inner-lg-2 v-inner-md-2 v-inner-2 style-518 style-local-19-c4 position-relative\">\n              <!---->\n              <!---->\n              <div class=\"w-100 h-y-container h-column__content h-column__v-align flex-basis-100 align-self-lg-start align-self-md-start align-self-start\">\n                <!---->\n                <div data-colibri-id=\"19-c5\" class=\"h-global-transition-all h-heading style-519 style-local-19-c5 position-relative h-element\">\n                  <!---->\n                  <div class=\"h-heading__outer style-519 style-local-19-c5\">\n                    <!---->\n                    <!---->\n                    <h1 class=\"\">Ihr Partner f\u00fcr eine <span data-animation-duration=\"1\" data-type-animation=\"rotate-1\" data-colibri-component=\"fancy-title\"><span class=\"ah-headline rotate-1\"><span style=\"position: relative\" class=\"ah-words-wrapper\"><b class=\"is-visible\">erfolgreiche<\/b><b>partnerschaftliche<\/b><b>nachhaltige<\/b><b>zukunftsorientierte<\/b><\/span><\/span>\n                      <\/span>\n                      Arbeitsvermittlung<\/h1>\n                  <\/div>\n                <\/div>\n              <\/div>\n            <\/div>\n          <\/div>\n          <div class=\"h-column h-column-container d-flex h-col-lg-auto h-col-md-auto h-col-auto style-520-outer style-local-19-c6-outer\">\n            <div data-colibri-id=\"19-c6\" class=\"d-flex h-flex-basis h-column__inner h-px-lg-2 h-px-md-2 h-px-2 v-inner-lg-2 v-inner-md-2 v-inner-2 style-520 style-local-19-c6 position-relative\">\n              <!---->\n              <!---->\n              <div class=\"w-100 h-y-container h-column__content h-column__v-align flex-basis-100 align-self-lg-start align-self-md-start align-self-start\">\n                <!---->\n                <div data-colibri-id=\"19-c7\" class=\"h-text h-text-component style-521 style-local-19-c7 position-relative h-element\">\n                  <!---->\n                  <!---->\n                  <div class=\"\">\n                    <p>Wir unterst\u00fctzen Sie kompetent und mit mehrj\u00e4hriger Erfahrung bei der Vermittlung in versicherungspflichtige sowie geringf\u00fcgige Besch\u00e4ftigungen. Dabei legen wir besonderen Wert darauf, dass Mensch und Arbeitsplatz perfekt zusammenpassen.\n                      Unser Ziel ist es, nachhaltige Arbeitsverh\u00e4ltnisse zu schaffen, die sowohl den Bed\u00fcrfnissen der Arbeitnehmer als auch der Arbeitgeber gerecht werden.<\/p>\n                    <p>Ein wichtiger Unterschied: Wir betreiben keine Zeitarbeit. Stattdessen konzentrieren wir uns auf direkte Vermittlungen, die Ihnen eine langfristige Perspektive bieten. Vertrauen Sie auf unsere Expertise und lassen Sie uns gemeinsam\n                      den n\u00e4chsten Schritt in Ihre berufliche Zukunft gehen.<\/p>\n                  <\/div>\n                <\/div>\n              <\/div>\n            <\/div>\n          <\/div>\n        <\/div>\n      <\/div>\n    <\/div>\n  <\/div>\n<\/div>","protected":false},"excerpt":{"rendered":"<p>Ihr Partner f\u00fcr eine erfolgreichepartnerschaftlichenachhaltigezukunftsorientierte Arbeitsvermittlung Wir unterst\u00fctzen Sie kompetent und mit mehrj\u00e4hriger Erfahrung bei der Vermittlung in versicherungspflichtige sowie geringf\u00fcgige Besch\u00e4ftigungen. Dabei legen wir besonderen Wert darauf, dass Mensch und Arbeitsplatz perfekt zusammenpassen. Unser Ziel ist es, nachhaltige Arbeitsverh\u00e4ltnisse zu schaffen, die sowohl den Bed\u00fcrfnissen der Arbeitnehmer als auch der Arbeitgeber gerecht werden. Ein [&hellip;]<\/p>\n","protected":false},"author":1,"featured_media":0,"parent":0,"menu_order":0,"comment_status":"closed","ping_status":"closed","template":"page-templates\/full-width-page.php","meta":{"footnotes":""},"jetpack_sharing_enabled":true,"_links":{"self":[{"href":"https:\/\/bundc-bildungszentrum.de\/index.php?rest_route=\/wp\/v2\/pages\/19"}],"collection":[{"href":"https:\/\/bundc-bildungszentrum.de\/index.php?rest_route=\/wp\/v2\/pages"}],"about":[{"href":"https:\/\/bundc-bildungszentrum.de\/index.php?rest_route=\/wp\/v2\/types\/page"}],"author":[{"embeddable":true,"href":"https:\/\/bundc-bildungszentrum.de\/index.php?rest_route=\/wp\/v2\/users\/1"}],"replies":[{"embeddable":true,"href":"https:\/\/bundc-bildungszentrum.de\/index.php?rest_route=%2Fwp%2Fv2%2Fcomments&post=19"}],"version-history":[{"count":3,"href":"https:\/\/bundc-bildungszentrum.de\/index.php?rest_route=\/wp\/v2\/pages\/19\/revisions"}],"predecessor-version":[{"id":342,"href":"https:\/\/bundc-bildungszentrum.de\/index.php?rest_route=\/wp\/v2\/pages\/19\/revisions\/342"}],"wp:attachment":[{"href":"https:\/\/bundc-bildungszentrum.de\/index.php?rest_route=%2Fwp%2Fv2%2Fmedia&parent=19"}],"curies":[{"name":"wp","href":"https:\/\/api.w.org\/{rel}","templated":true}]}}