{"id":223,"date":"2024-08-29T19:16:42","date_gmt":"2024-08-29T19:16:42","guid":{"rendered":"https:\/\/bundc-bildungszentrum.de\/?page_id=223"},"modified":"2024-08-30T07:32:35","modified_gmt":"2024-08-30T07:32:35","slug":"unser-leitbild","status":"publish","type":"page","link":"https:\/\/bundc-bildungszentrum.de\/?page_id=223","title":{"rendered":"Unser Leitbild"},"content":{"rendered":"\n<p><strong>Leitbild des B &amp; C Bildungszentrums<\/strong><\/p>\n\n\n\n<p><em>Ein Hinweis vorab: Aus Gr\u00fcnden der besseren Lesbarkeit wird auf die gleichzeitige Verwendung m\u00e4nnliche<\/em><em>,&nbsp;<\/em><em>weiblich<\/em><em>&nbsp;und divers&nbsp;<\/em><em>(m\/w\/d<\/em><em>)<\/em><em><\/em><em>Sprachformen&nbsp;<\/em><em>verzichtet. S\u00e4mtliche Personenbezeichnungen gelten gleicherma\u00dfen f\u00fcr&nbsp;<\/em><em>alle<\/em><em>&nbsp;Geschlecht<\/em><em>er<\/em><em>.<\/em><\/p>\n\n\n\n<p>Das <strong><strong>B &amp; C Bildungszentrum<\/strong><\/strong>\u00a0sieht sich als Dienstleister im Bereich\u00a0der Aus-\u00a0und\u00a0Weiterbildung.\u00a0<\/p>\n\n\n\n<p>Das Unternehmen&nbsp;steht f\u00fcr bedarfs- und kundenorientierte Aus- und Weiterbildung und garantiert Qualit\u00e4t in der Bildung. Bei der Entwicklung unserer Bildungsangebote nach dem Zweiten und Dritten Buch des Sozialgesetzbuches (SGB II+III) ber\u00fccksichtigen wir die Lage und die Entwicklung des Arbeits- und Ausbildungsmarktes und unterst\u00fctzen die Teilnehmer und Teilnehmerinnen aktiv bei der Eingliederung und Vermittlung in den regul\u00e4ren Arbeitsmarkt.<\/p>\n\n\n\n<p>Das <strong><strong>B &amp; C Bildungszentrum<\/strong><\/strong>\u00a0ist als AZAV zertifizierter Bildungstr\u00e4ger in der beruflichen Aus- und\u00a0Weiterbildung t\u00e4tig. Ziel\u00a0der\u00a0beruflichen Qualifizierungen ist es, bedarfsgerecht auf den Arbeitsmarkt und den einzelnen Teilnehmern zugeschnittene Ma\u00dfnahmen anzubieten und die Teilnehmer dann nach erfolgreicher Teilnahme in den Arbeitsmarkt zu integrieren.\u00a0<\/p>\n\n\n\n<p>Unabh\u00e4ngig von Weltanschauung, Nationalit\u00e4t und Kultur sind wir den Menschenrechten verpflichtet und streben soziale Gerechtigkeit an. Wir respektieren und f\u00f6rdern die Selbstbestimmung der Beteiligten, orientieren uns an deren Zielen und bauen auf ihren Ressourcen auf. Geleitet vom Prinzip \u201eHilfe zur Selbsthilfe\u201c und vom Fokus auf die Lebensweltorientierung stehen die F\u00f6rderung, Mobilisierung und St\u00e4rkung der Ressourcen von Menschen und Systemen im Mittelpunkt. Die freie Entwicklung der Lebensf\u00fchrung zu einer eigenverantwortlichen, emanzipierten und gemeinschaftsf\u00e4higen Pers\u00f6nlichkeit hat grunds\u00e4tzlichen Wertgehalt f\u00fcr unser Denken und Handeln.<\/p>\n\n\n\n<p>Unsere Mitarbeiter\/innen sind Experten\/innen in ihrem Arbeitsfeld, die Hilfen und Angebote kompetent und verantwortlich gestalten. F\u00fcr die professionelle Arbeit bieten wir qualit\u00e4tssichernde Rahmenbedingungen und unterst\u00fctzen Ma\u00dfnahmen zur fachlichen wie pers\u00f6nlichen Weiterentwicklung der Mitarbeiter\/innen. Teamarbeit und kollegiale Beratung sowie Reflexion und Fortbildung sind verbindliche Bestandteile unserer professionellen Praxis.<\/p>\n\n\n\n<p>Wir qualifizieren unsere Teilnehmer f\u00fcr die Unternehmen um deren Wettbewerbsf\u00e4higkeit durch eine hohe Mitarbeiterqualifikation dauerhaft zu verbessern.&nbsp;<\/p>\n\n\n\n<p>Erfahrungslernen ist f\u00fcr uns ein lebendiges Prinzip des Lebens und die Voraussetzung f\u00fcr kontinuierliche Ver\u00e4nderung und Verbesserung. Wir arbeiten in Kooperation mit anderen Professionen sowie mit allen Personen und Institutionen, die f\u00fcr die Verbesserung der Lebensverh\u00e4ltnisse der Beteiligten einen Beitrag leisten. Als verl\u00e4sslicher Partner gew\u00e4hrleisten wir fachliches, wirtschaftliches&nbsp;und leistungsgerechtes&nbsp;Handeln.<\/p>\n\n\n\n<p>Wir unterst\u00fctzen die Teilnehmer unserer Ma\u00dfnahmen bei der beruflichen Eingliederung in den Arbeitsmarkt.&nbsp;<\/p>\n\n\n\n<p>Wir bringen geeignete Bewerber und passende Unternehmen&nbsp;zusammen. Dabei<\/p>\n\n\n\n<p>\u2022&nbsp;sehen wir uns gegen\u00fcber Nachfragenden zu den Prinzipien der Wahrheit, Klarheit und Vertraulichkeit verpflichtet.<\/p>\n\n\n\n<p>\u2022&nbsp;ist unser Betriebsklima von Respekt und Kollegialit\u00e4t, von Fairness und Kooperationsbereitschaft gekennzeichnet.<\/p>\n\n\n\n<p>\u2022&nbsp;wahren und f\u00f6rdern wir durch unser Auftreten und unsere Arbeitsweisen das Ansehen unseres Berufsstandes<\/p>\n\n\n\n<p>Durch die Zusammenarbeit mit unseren Partnern optimieren wir st\u00e4ndig unsere Dienstleistungen, sodass wir die an uns gestellten Anforderungen jederzeit erf\u00fcllen. F\u00fcr den Kunden muss ein klarer Mehrwert erkennbar sein.&nbsp;<\/p>\n\n\n\n<p>Mit unseren Dienstleistungen steigern wir die Effizienz und Wettbewerbsf\u00e4higkeit unserer Kunden.&nbsp;Jeder Bewerber erh\u00e4lt eine bedarfsgerechte Beratung. Unser Qualit\u00e4tsmanagement fu\u00dft ma\u00dfgeblich auf einer kontinuierlichen Verbesserung. Dies gilt f\u00fcr die Dienstleistung direkt mit dem Kunden aber auch f\u00fcr unterst\u00fctzenden T\u00e4tigkeiten im Hintergrund.&nbsp;\u200bQualit\u00e4tsbewusstes Denken und Handeln unterst\u00fctzt durch klare Aufgabenstellungen Voraussetzung f\u00fcr eine st\u00e4ndige Verbesserung.<\/p>\n\n\n\n<p>Wir arbeiten vertrauensvoll mit unseren Kunden, externen Dienstleistern und Sachverst\u00e4ndigen f\u00fcr Management zusammen, mit deren Unterst\u00fctzung es uns gelingt, den Verbesserungsprozess in unserem Unternehmen permanent weiterzuentwickeln. Unsere Ziele sind zufriedene Kunden und Mitarbeiter, gesellschaftliche Anerkennung und eigener Erfolg auf der Grundlage, der Gesellschaft im positiven Sinne zu dienen.<\/p>\n\n\n\n<p>Unsere Ausbilder und&nbsp;Sozialp\u00e4dagogen&nbsp;werden permanent durch interne und externe Fort u, Weiterbildungen weiterqualifiziert.<\/p>\n\n\n\n<p>Unsere Zusammenarbeit mit externen Partnern und Kunden ist ein wichtiger Teil unserer T\u00e4tigkeit, den wir st\u00e4ndig pflegen und intensivieren.<\/p>\n\n\n\n<p>\u2022&nbsp;Mit der Bundesagentur f\u00fcr Arbeit in&nbsp;ganz Deutschland<\/p>\n\n\n\n<p>\u2022&nbsp;Mit den&nbsp;Arbeitsagenturen, JobCentern&nbsp;in ganz Deutschland<\/p>\n\n\n\n<p>\u2022&nbsp;Mit&nbsp;Unternehmen, die ausgebildete Mitarbeiter in den Arbeitsmarkt integrieren<\/p>\n\n\n\n<p>Unter dem Begriff des \u201eKunden\u201c verstehen wir sowohl die Teilnehmer und Teilnehmerinnen, das Unternehmen selbst, den Arbeitsmarkt sowie die Gesellschaft mit den gesetzlichen Anforderungen.<\/p>\n\n\n\n<p>Es erfolgt eine st\u00e4ndige \u00dcberpr\u00fcfung und Fortentwicklung aller Leistungsangebote der Einrichtungen unter dem Gesichtspunkt der Kundenerwartungen und Zufriedenheit.<\/p>\n","protected":false},"excerpt":{"rendered":"<p>Leitbild des B &amp; C Bildungszentrums Ein Hinweis vorab: Aus Gr\u00fcnden der besseren Lesbarkeit wird auf die gleichzeitige Verwendung m\u00e4nnliche,&nbsp;weiblich&nbsp;und divers&nbsp;(m\/w\/d)Sprachformen&nbsp;verzichtet. S\u00e4mtliche Personenbezeichnungen gelten gleicherma\u00dfen f\u00fcr&nbsp;alle&nbsp;Geschlechter. Das B &amp; C Bildungszentrum\u00a0sieht sich als Dienstleister im Bereich\u00a0der Aus-\u00a0und\u00a0Weiterbildung.\u00a0 Das Unternehmen&nbsp;steht f\u00fcr bedarfs- und kundenorientierte Aus- und Weiterbildung und garantiert Qualit\u00e4t in der Bildung. Bei der Entwicklung [&hellip;]<\/p>\n","protected":false},"author":1,"featured_media":0,"parent":0,"menu_order":0,"comment_status":"closed","ping_status":"closed","template":"","meta":{"footnotes":""},"jetpack_sharing_enabled":true,"_links":{"self":[{"href":"https:\/\/bundc-bildungszentrum.de\/index.php?rest_route=\/wp\/v2\/pages\/223"}],"collection":[{"href":"https:\/\/bundc-bildungszentrum.de\/index.php?rest_route=\/wp\/v2\/pages"}],"about":[{"href":"https:\/\/bundc-bildungszentrum.de\/index.php?rest_route=\/wp\/v2\/types\/page"}],"author":[{"embeddable":true,"href":"https:\/\/bundc-bildungszentrum.de\/index.php?rest_route=\/wp\/v2\/users\/1"}],"replies":[{"embeddable":true,"href":"https:\/\/bundc-bildungszentrum.de\/index.php?rest_route=%2Fwp%2Fv2%2Fcomments&post=223"}],"version-history":[{"count":2,"href":"https:\/\/bundc-bildungszentrum.de\/index.php?rest_route=\/wp\/v2\/pages\/223\/revisions"}],"predecessor-version":[{"id":233,"href":"https:\/\/bundc-bildungszentrum.de\/index.php?rest_route=\/wp\/v2\/pages\/223\/revisions\/233"}],"wp:attachment":[{"href":"https:\/\/bundc-bildungszentrum.de\/index.php?rest_route=%2Fwp%2Fv2%2Fmedia&parent=223"}],"curies":[{"name":"wp","href":"https:\/\/api.w.org\/{rel}","templated":true}]}}