{"id":245,"date":"2025-01-10T12:02:18","date_gmt":"2025-01-10T12:02:18","guid":{"rendered":"https:\/\/bundc-bildungszentrum.de\/?page_id=245"},"modified":"2025-01-10T12:02:20","modified_gmt":"2025-01-10T12:02:20","slug":"eignungsfeststellung","status":"publish","type":"page","link":"https:\/\/bundc-bildungszentrum.de\/?page_id=245","title":{"rendered":"Eignungsfeststellung"},"content":{"rendered":"\n<p>sp\u00e4ten Berufsleben tuen, wollen. Hier spielt die Angst sich falsch zu entscheiden ein gro\u00dfes Rollen. Psychologische Studien aus ganz Europa zeigen, dass die sogenannte Generation Z oft vor dem Problem steht, nicht so werden zu wollen wie ihre Eltern. Oder sie wollen den perfekten Beruf f\u00fcr sich ergreifen. Hier spielt auch eine andere Sichtweise auf das eigene Leben eine wichtige Rolle. Oft fehlt diesen Menschen die Perspektive oder das Wissen um ihre eigenen F\u00e4higkeiten. Viele dieser Menschen sehen im Internet oder im TV erfolgreiche Menschen in ihrem Alter und wollen genau das gleiche erreichen. Die Identifikation mit diesen sogenannten VIPs und das Streben so sein zu wollen wie diese Menschen f\u00fchrt oft zu selbst auferlegten Stress und auch zu Konflikten innerhalb der Familien. Oft endet dieses Streben nach dem Ruhm in psychischen Problemen. Sowohl die BA als auch Psychologen haben hier in Gespr\u00e4chen festgestellt, dass eine fr\u00fche Fokussierung auf erreichbare Ziele, die den eigenen F\u00e4higkeiten entsprechen eine L\u00f6sung f\u00fcr diese Menschen darstellen kann. Eine andere Zielgruppe unserer Ma\u00dfnahme sind Menschen, die sich in einer schwierigen Phase befinden. Das k\u00f6nnen sein, Zustand nach Burnout, Schlechten Erfahrungen im Beruf oder einen nicht passenden Beruf. Beiden Zielgruppen m\u00f6chte die B und C mit dieser Ma\u00dfnahme die M\u00f6glichkeiten aufzeigen im Bereich der Sicherheit eine erf\u00fcllende Aufgabe zu finden. Die B und C verf\u00fcgt \u00fcber sehr gute Kontakte zu Arbeitgebern aus der Sicherheitsbrache und kann hier offene Stellen, Praktikumspl\u00e4tze und Probearbeiten vermitteln.<\/p>\n\n\n\n<p><strong><u>Lehrgangsinhalte<\/u><\/strong><strong>:<\/strong><\/p>\n\n\n\n<figure class=\"wp-block-table\"><table><tbody><tr><td>1.<\/td><td>Lehrgangsstart<\/td><td>8 UE<\/td><\/tr><tr><td>2.<\/td><td>Die Sicherheitswirtschaft in der \u00dcbersicht<\/td><td>8 UE<\/td><\/tr><tr><td>3.<\/td><td>Kompetenz- und Potenzialanalyse<\/td><td>16 UE<\/td><\/tr><tr><td>4.<\/td><td>Berufliche Orientierung<\/td><td>8 UE<\/td><\/tr><tr><td>5.<\/td><td>Sozial- und Schl\u00fcsselkompetenzen<\/td><td>16 UE<\/td><\/tr><tr><td>6.<\/td><td>Gesundheitsf\u00f6rderung und Stressmanagement<\/td><td>4 UE<\/td><\/tr><tr><td>7.<\/td><td>Abschlussphase<\/td><td>4 UE<\/td><\/tr><tr><td>8.<\/td><td>Bewerbertraining<\/td><td>8 UE<\/td><\/tr><tr><td>9.<\/td><td>Lehrgangsverabschiedung<\/td><td>8 UE<\/td><\/tr><\/tbody><\/table><\/figure>\n","protected":false},"excerpt":{"rendered":"<p>sp\u00e4ten Berufsleben tuen, wollen. Hier spielt die Angst sich falsch zu entscheiden ein gro\u00dfes Rollen. Psychologische Studien aus ganz Europa zeigen, dass die sogenannte Generation Z oft vor dem Problem steht, nicht so werden zu wollen wie ihre Eltern. Oder sie wollen den perfekten Beruf f\u00fcr sich ergreifen. Hier spielt auch eine andere Sichtweise auf [&hellip;]<\/p>\n","protected":false},"author":1,"featured_media":0,"parent":0,"menu_order":0,"comment_status":"closed","ping_status":"closed","template":"","meta":{"footnotes":""},"jetpack_sharing_enabled":true,"_links":{"self":[{"href":"https:\/\/bundc-bildungszentrum.de\/index.php?rest_route=\/wp\/v2\/pages\/245"}],"collection":[{"href":"https:\/\/bundc-bildungszentrum.de\/index.php?rest_route=\/wp\/v2\/pages"}],"about":[{"href":"https:\/\/bundc-bildungszentrum.de\/index.php?rest_route=\/wp\/v2\/types\/page"}],"author":[{"embeddable":true,"href":"https:\/\/bundc-bildungszentrum.de\/index.php?rest_route=\/wp\/v2\/users\/1"}],"replies":[{"embeddable":true,"href":"https:\/\/bundc-bildungszentrum.de\/index.php?rest_route=%2Fwp%2Fv2%2Fcomments&post=245"}],"version-history":[{"count":1,"href":"https:\/\/bundc-bildungszentrum.de\/index.php?rest_route=\/wp\/v2\/pages\/245\/revisions"}],"predecessor-version":[{"id":246,"href":"https:\/\/bundc-bildungszentrum.de\/index.php?rest_route=\/wp\/v2\/pages\/245\/revisions\/246"}],"wp:attachment":[{"href":"https:\/\/bundc-bildungszentrum.de\/index.php?rest_route=%2Fwp%2Fv2%2Fmedia&parent=245"}],"curies":[{"name":"wp","href":"https:\/\/api.w.org\/{rel}","templated":true}]}}