{"id":247,"date":"2025-01-10T12:04:05","date_gmt":"2025-01-10T12:04:05","guid":{"rendered":"https:\/\/bundc-bildungszentrum.de\/?page_id=247"},"modified":"2025-01-10T12:04:08","modified_gmt":"2025-01-10T12:04:08","slug":"spezialisierte-sicherheitskraft-ssk","status":"publish","type":"page","link":"https:\/\/bundc-bildungszentrum.de\/?page_id=247","title":{"rendered":"Spezialisierte Sicherheitskraft (SSK)"},"content":{"rendered":"\n<p>Unsere Gesellschaft und ihre vielf\u00e4ltigen Institutionen sowie Unternehmen stehen vor wachsenden sicherheitspolitischen Herausforderungen. Die Aufgabe von Sicherheitskr\u00e4ften geht dabei weit \u00fcber den blo\u00dfen Schutz von Objekten und Personen hinaus \u2013 sie verlangt nach Fachkompetenz, Verantwortung, Sensibilit\u00e4t und einem hohen Ma\u00df an Sozialkompetenz. Sicherheit bedeutet, im Einklang mit gesetzlichen Vorgaben sowie hohen professionellen Standards eine vertrauensvolle und verl\u00e4ssliche Pr\u00e4senz zu bieten.<\/p>\n\n\n\n<p>Mit der Grundausbildung Sicherheit m\u00f6chten wir den Teilnehmerinnen und Teilnehmern eine solide Basis f\u00fcr den Start in das Bewachungsgewerbe vermitteln. Die praxisnahe und umfassende Gestaltung unserer Ausbildungsinhalte stellt sicher, dass Sie das notwendige Wissen, die erforderlichen praktischen F\u00e4higkeiten und die pers\u00f6nliche Eignung erwerben, um den Anforderungen und Erwartungen in diesem Berufsfeld gerecht zu werden. Sie erhalten in unseren Lernfeldern eine fundierte Ausbildung, die sowohl gesetzlich vorgeschriebene Qualifikationen als auch wichtige Zusatzkompetenzen vermittelt.<\/p>\n\n\n\n<p><strong><u>Lehrgangsinhalte<\/u><\/strong><strong>:<\/strong><\/p>\n\n\n\n<figure class=\"wp-block-table\"><table><tbody><tr><td>1.<\/td><td>Waffensachkunde<\/td><td>40 UE<\/td><\/tr><tr><td>2.<\/td><td>Interkulturelle Kompetenz<\/td><td>16 UE<\/td><\/tr><tr><td>3.<\/td><td>Deeskalationstraining<\/td><td>16 UE<\/td><\/tr><tr><td>4.<\/td><td>Erste Hilfe<\/td><td>9 UE<\/td><\/tr><tr><td>5.<\/td><td>Brandschutzhelfer gem. DGUV Information 203<\/td><td>8 UE<\/td><\/tr><tr><td>6.<\/td><td>Einsatztraining f\u00fcr Sicherheitskr\u00e4fte<\/td><td>40 UE<\/td><\/tr><tr><td>7.<\/td><td>Bewerbertraining<\/td><td>8 UE<\/td><\/tr><tr><td>8.<\/td><td>Ersteinweisung DIN 77200<\/td><td>8 UE<\/td><\/tr><tr><td>9.<\/td><td>Tarifkunde<\/td><td>40 UE<\/td><\/tr><tr><td>10.<\/td><td>Bahntechnisch Unterwiesene Person<\/td><td>8 UE<\/td><\/tr><tr><td>12.<\/td><td>Lehrgangsverabschiedung<\/td><td>8 UE<\/td><\/tr><\/tbody><\/table><\/figure>\n","protected":false},"excerpt":{"rendered":"<p>Unsere Gesellschaft und ihre vielf\u00e4ltigen Institutionen sowie Unternehmen stehen vor wachsenden sicherheitspolitischen Herausforderungen. Die Aufgabe von Sicherheitskr\u00e4ften geht dabei weit \u00fcber den blo\u00dfen Schutz von Objekten und Personen hinaus \u2013 sie verlangt nach Fachkompetenz, Verantwortung, Sensibilit\u00e4t und einem hohen Ma\u00df an Sozialkompetenz. Sicherheit bedeutet, im Einklang mit gesetzlichen Vorgaben sowie hohen professionellen Standards eine vertrauensvolle [&hellip;]<\/p>\n","protected":false},"author":1,"featured_media":0,"parent":0,"menu_order":0,"comment_status":"closed","ping_status":"closed","template":"","meta":{"footnotes":""},"jetpack_sharing_enabled":true,"_links":{"self":[{"href":"https:\/\/bundc-bildungszentrum.de\/index.php?rest_route=\/wp\/v2\/pages\/247"}],"collection":[{"href":"https:\/\/bundc-bildungszentrum.de\/index.php?rest_route=\/wp\/v2\/pages"}],"about":[{"href":"https:\/\/bundc-bildungszentrum.de\/index.php?rest_route=\/wp\/v2\/types\/page"}],"author":[{"embeddable":true,"href":"https:\/\/bundc-bildungszentrum.de\/index.php?rest_route=\/wp\/v2\/users\/1"}],"replies":[{"embeddable":true,"href":"https:\/\/bundc-bildungszentrum.de\/index.php?rest_route=%2Fwp%2Fv2%2Fcomments&post=247"}],"version-history":[{"count":1,"href":"https:\/\/bundc-bildungszentrum.de\/index.php?rest_route=\/wp\/v2\/pages\/247\/revisions"}],"predecessor-version":[{"id":248,"href":"https:\/\/bundc-bildungszentrum.de\/index.php?rest_route=\/wp\/v2\/pages\/247\/revisions\/248"}],"wp:attachment":[{"href":"https:\/\/bundc-bildungszentrum.de\/index.php?rest_route=%2Fwp%2Fv2%2Fmedia&parent=247"}],"curies":[{"name":"wp","href":"https:\/\/api.w.org\/{rel}","templated":true}]}}