{"id":61,"date":"2023-10-13T17:37:23","date_gmt":"2023-10-13T17:37:23","guid":{"rendered":"https:\/\/bundc-bildungszentrum.de\/?page_id=61"},"modified":"2023-10-13T17:51:43","modified_gmt":"2023-10-13T17:51:43","slug":"anmelden","status":"publish","type":"page","link":"https:\/\/bundc-bildungszentrum.de\/?page_id=61","title":{"rendered":"Anmelden"},"content":{"rendered":"\n<p>Hier kannst du dich f\u00fcr unsere Kurse anmelden. Bitte f\u00fclle deine Daten vollst\u00e4ndig aus und wir melden uns umgehend bei dir. Viele Gr\u00fc\u00dfe, dein B und C Bildungszentrum.<\/p>\n\n\n\n<p><\/p>\n\n\n<div class=\"wp-block-jetpack-contact-form\"><a href=\"https:\/\/bundc-bildungszentrum.de\/?page_id=61\" target=\"_blank\" rel=\"noopener noreferrer\">Formular einreichen.<\/a><\/div>","protected":false},"excerpt":{"rendered":"<p>Hier kannst du dich f\u00fcr unsere Kurse anmelden. Bitte f\u00fclle deine Daten vollst\u00e4ndig aus und wir melden uns umgehend bei dir. Viele Gr\u00fc\u00dfe, dein B und C Bildungszentrum.<\/p>\n","protected":false},"author":1,"featured_media":0,"parent":0,"menu_order":0,"comment_status":"closed","ping_status":"closed","template":"","meta":{"footnotes":""},"jetpack_sharing_enabled":true,"_links":{"self":[{"href":"https:\/\/bundc-bildungszentrum.de\/index.php?rest_route=\/wp\/v2\/pages\/61"}],"collection":[{"href":"https:\/\/bundc-bildungszentrum.de\/index.php?rest_route=\/wp\/v2\/pages"}],"about":[{"href":"https:\/\/bundc-bildungszentrum.de\/index.php?rest_route=\/wp\/v2\/types\/page"}],"author":[{"embeddable":true,"href":"https:\/\/bundc-bildungszentrum.de\/index.php?rest_route=\/wp\/v2\/users\/1"}],"replies":[{"embeddable":true,"href":"https:\/\/bundc-bildungszentrum.de\/index.php?rest_route=%2Fwp%2Fv2%2Fcomments&post=61"}],"version-history":[{"count":2,"href":"https:\/\/bundc-bildungszentrum.de\/index.php?rest_route=\/wp\/v2\/pages\/61\/revisions"}],"predecessor-version":[{"id":64,"href":"https:\/\/bundc-bildungszentrum.de\/index.php?rest_route=\/wp\/v2\/pages\/61\/revisions\/64"}],"wp:attachment":[{"href":"https:\/\/bundc-bildungszentrum.de\/index.php?rest_route=%2Fwp%2Fv2%2Fmedia&parent=61"}],"curies":[{"name":"wp","href":"https:\/\/api.w.org\/{rel}","templated":true}]}}